{"id":8250,"date":"2023-06-12T13:46:28","date_gmt":"2023-06-12T16:46:28","guid":{"rendered":"https:\/\/asaimplementos.com.br\/site\/empresa-copy\/"},"modified":"2024-05-24T13:28:30","modified_gmt":"2024-05-24T16:28:30","slug":"representantes","status":"publish","type":"page","link":"https:\/\/asaimplementos.com.br\/site\/representantes\/","title":{"rendered":"Representantes"},"content":{"rendered":"<div class=\"wpb-content-wrapper\"><p>[vc_row full_width=&#8221;stretch_row&#8221; parallax=&#8221;content-moving&#8221; css=&#8221;.vc_custom_1603571472719{padding-top: 100px !important;padding-bottom: 100px !important;}&#8221;][vc_column]<header class=\"kd-section-title col-lg-12 text-center    \" ><h3 class=\"separator_off\" style=\"color: #1956ba;\">REPRESENTANTES AUTORIZADOS<\/h3><\/header>[vc_empty_space][vc_row_inner][vc_column_inner width=&#8221;1\/2&#8243;][vc_raw_html]JTNDaWZyYW1lJTIwc3JjJTNEJTIyaHR0cHMlM0ElMkYlMkZ3d3cuZ29vZ2xlLmNvbSUyRm1hcHMlMkZlbWJlZCUzRnBiJTNEJTIxMW0xNCUyMTFtOCUyMTFtMyUyMTFkNTYwNi42Mzc3ODMwODkzNDQlMjEyZC01Mi40MTczNTgyNjgxMTQ2MSUyMTNkLTIzLjA3NDMwNDYxMTA4MjI3MiUyMTNtMiUyMTFpMTAyNCUyMTJpNzY4JTIxNGYxMy4xJTIxM20zJTIxMW0yJTIxMXMweDk0OTI5NTBhMjc5MWM2MGQlMjUzQTB4MmQ5MDllYTNmYWY5NTZhYiUyMTJzQVNBJTI1MjBQbGFudCUyMTVlMCUyMTNtMiUyMTFzcHQtQlIlMjEyc2JyJTIxNHYxNjg2NTg5OTk5ODU4JTIxNW0yJTIxMXNwdC1CUiUyMTJzYnIlMjIlMjB3aWR0aCUzRCUyMjUwMCUyMiUyMGhlaWdodCUzRCUyMjI1MCUyMiUyMHN0eWxlJTNEJTIyYm9yZGVyJTNBMCUzQiUyMiUyMGFsbG93ZnVsbHNjcmVlbiUzRCUyMiUyMiUyMGxvYWRpbmclM0QlMjJsYXp5JTIyJTIwcmVmZXJyZXJwb2xpY3klM0QlMjJuby1yZWZlcnJlci13aGVuLWRvd25ncmFkZSUyMiUzRSUzQyUyRmlmcmFtZSUzRSUyMCUzQyUyRnAlM0U=[\/vc_raw_html][\/vc_column_inner][vc_column_inner width=&#8221;1\/2&#8243;][vc_custom_heading text=&#8221;ASA PLANT<\/p>\n<p>Avenida Milit\u00e3o Rodrigues de Carvalho, 253 Jardim Sumar\u00e9, Paranava\u00ed PR, CEP 87720-140<br \/>\n(Ao lado da LS Tratores)&#8221; font_container=&#8221;tag:h6|font_size:16px|text_align:justify&#8221; use_theme_fonts=&#8221;yes&#8221;][\/vc_column_inner][\/vc_row_inner][\/vc_column][\/vc_row]<\/p>\n<\/div>","protected":false},"excerpt":{"rendered":"<p>[vc_row full_width=&#8221;stretch_row&#8221; parallax=&#8221;content-moving&#8221; css=&#8221;.vc_custom_1603571472719{padding-top: 100px !important;padding-bottom: 100px !important;}&#8221;][vc_column][vc_empty_space][vc_row_inner][vc_column_inner width=&#8221;1\/2&#8243;][vc_raw_html]JTNDaWZyYW1lJTIwc3JjJTNEJTIyaHR0cHMlM0ElMkYlMkZ3d3cuZ29vZ2xlLmNvbSUyRm1hcHMlMkZlbWJlZCUzRnBiJTNEJTIxMW0xNCUyMTFtOCUyMTFtMyUyMTFkNTYwNi42Mzc3ODMwODkzNDQlMjEyZC01Mi40MTczNTgyNjgxMTQ2MSUyMTNkLTIzLjA3NDMwNDYxMTA4MjI3MiUyMTNtMiUyMTFpMTAyNCUyMTJpNzY4JTIxNGYxMy4xJTIxM20zJTIxMW0yJTIxMXMweDk0OTI5NTBhMjc5MWM2MGQlMjUzQTB4MmQ5MDllYTNmYWY5NTZhYiUyMTJzQVNBJTI1MjBQbGFudCUyMTVlMCUyMTNtMiUyMTFzcHQtQlIlMjEyc2JyJTIxNHYxNjg2NTg5OTk5ODU4JTIxNW0yJTIxMXNwdC1CUiUyMTJzYnIlMjIlMjB3aWR0aCUzRCUyMjUwMCUyMiUyMGhlaWdodCUzRCUyMjI1MCUyMiUyMHN0eWxlJTNEJTIyYm9yZGVyJTNBMCUzQiUyMiUyMGFsbG93ZnVsbHNjcmVlbiUzRCUyMiUyMiUyMGxvYWRpbmclM0QlMjJsYXp5JTIyJTIwcmVmZXJyZXJwb2xpY3klM0QlMjJuby1yZWZlcnJlci13aGVuLWRvd25ncmFkZSUyMiUzRSUzQyUyRmlmcmFtZSUzRSUyMCUzQyUyRnAlM0U=[\/vc_raw_html][\/vc_column_inner][vc_column_inner width=&#8221;1\/2&#8243;][vc_custom_heading text=&#8221;ASA PLANT Avenida Milit\u00e3o Rodrigues de Carvalho, 253 Jardim Sumar\u00e9, Paranava\u00ed PR, CEP 87720-140 (Ao lado da [&hellip;]<\/p>\n","protected":false},"author":2,"featured_media":0,"parent":0,"menu_order":0,"comment_status":"closed","ping_status":"closed","template":"","meta":{"_acf_changed":false,"footnotes":""},"class_list":["post-8250","page","type-page","status-publish","hentry"],"acf":[],"aioseo_notices":[],"_links":{"self":[{"href":"https:\/\/asaimplementos.com.br\/site\/wp-json\/wp\/v2\/pages\/8250","targetHints":{"allow":["GET"]}}],"collection":[{"href":"https:\/\/asaimplementos.com.br\/site\/wp-json\/wp\/v2\/pages"}],"about":[{"href":"https:\/\/asaimplementos.com.br\/site\/wp-json\/wp\/v2\/types\/page"}],"author":[{"embeddable":true,"href":"https:\/\/asaimplementos.com.br\/site\/wp-json\/wp\/v2\/users\/2"}],"replies":[{"embeddable":true,"href":"https:\/\/asaimplementos.com.br\/site\/wp-json\/wp\/v2\/comments?post=8250"}],"version-history":[{"count":30,"href":"https:\/\/asaimplementos.com.br\/site\/wp-json\/wp\/v2\/pages\/8250\/revisions"}],"predecessor-version":[{"id":9139,"href":"https:\/\/asaimplementos.com.br\/site\/wp-json\/wp\/v2\/pages\/8250\/revisions\/9139"}],"wp:attachment":[{"href":"https:\/\/asaimplementos.com.br\/site\/wp-json\/wp\/v2\/media?parent=8250"}],"curies":[{"name":"wp","href":"https:\/\/api.w.org\/{rel}","templated":true}]}}