{"id":7094,"date":"2020-12-08T15:53:11","date_gmt":"2020-12-08T18:53:11","guid":{"rendered":"https:\/\/asaimplementos.com.br\/site\/?page_id=7094"},"modified":"2024-09-30T11:27:19","modified_gmt":"2024-09-30T14:27:19","slug":"suporte-2","status":"publish","type":"page","link":"https:\/\/asaimplementos.com.br\/site\/suporte-2\/","title":{"rendered":"Suporte"},"content":{"rendered":"<div class=\"wpb-content-wrapper\"><p>[vc_row][vc_column][\/vc_column][\/vc_row][vc_row css=&#8221;.vc_custom_1721305957244{background-color: #f7f7f7 !important;}&#8221;][vc_column][vc_empty_space]<header class=\"kd-section-title col-lg-12 text-center     vc_custom_1721305948178\" ><h2 class=\"separator_off\" style=\"color: #1956ba;\">CAT\u00c1LOGOS DE M\u00c1QUINAS<\/h2><\/header>[\/vc_column][\/vc_row][vc_row css=&#8221;.vc_custom_1721310565090{background-color: #f7f7f7 !important;}&#8221;][vc_column width=&#8221;1\/5&#8243;][vc_single_image image=&#8221;7146&#8243; img_size=&#8221;full&#8221; alignment=&#8221;center&#8221; onclick=&#8221;custom_link&#8221; img_link_target=&#8221;_blank&#8221; link=&#8221;https:\/\/asaimplementos.com.br\/site\/wp-content\/uploads\/2021\/01\/Catalogo-de-Maquinas-2013.pdf&#8221;]<a  href=\"https:\/\/asaimplementos.com.br\/site\/wp-content\/uploads\/2021\/01\/Catalogo-de-Maquinas-2013.pdf\"  target=\"_blank\"  title=\"\" class=\"tt_button    button-center  \" ><span class=\"prim_text\">DOWNLOAD<\/span><span class=\" iconita\"><\/span><\/a>[\/vc_column][vc_column width=&#8221;1\/5&#8243;][vc_single_image image=&#8221;7150&#8243; img_size=&#8221;full&#8221; alignment=&#8221;center&#8221; onclick=&#8221;custom_link&#8221; img_link_target=&#8221;_blank&#8221; link=&#8221;https:\/\/asaimplementos.com.br\/site\/wp-content\/uploads\/2021\/01\/Catalogo-de-Maquinas-FIMAN-2018.pdf&#8221;]<a  href=\"https:\/\/asaimplementos.com.br\/site\/wp-content\/uploads\/2021\/01\/Catalogo-de-Maquinas-FIMAN-2018.pdf\"  target=\"_blank\"  title=\"\" class=\"tt_button    button-center  \" ><span class=\"prim_text\">DOWNLOAD<\/span><span class=\" iconita\"><\/span><\/a>[\/vc_column][vc_column width=&#8221;1\/5&#8243;][vc_single_image image=&#8221;7154&#8243; img_size=&#8221;full&#8221; alignment=&#8221;center&#8221; onclick=&#8221;custom_link&#8221; img_link_target=&#8221;_blank&#8221; link=&#8221;https:\/\/asaimplementos.com.br\/site\/wp-content\/uploads\/2021\/01\/Catalogo-de-Maquinas-2021-WEB-1.pdf&#8221;]<a  href=\"https:\/\/asaimplementos.com.br\/site\/wp-content\/uploads\/2021\/01\/Catalogo-de-Maquinas-2021-WEB-1.pdf\"  target=\"_blank\"  title=\"\" class=\"tt_button    button-center  \" ><span class=\"prim_text\">DOWNLOAD<\/span><span class=\" iconita\"><\/span><\/a>[\/vc_column][vc_column width=&#8221;1\/5&#8243;][vc_single_image image=&#8221;7286&#8243; img_size=&#8221;full&#8221; alignment=&#8221;center&#8221; onclick=&#8221;custom_link&#8221; img_link_target=&#8221;_blank&#8221; link=&#8221;https:\/\/asaimplementos.com.br\/site\/wp-content\/uploads\/2022\/07\/CATALOGO-DE-APRESENTACAO-MAQUINAS-VENDAS-compactado.pdf&#8221;]<a  href=\"https:\/\/asaimplementos.com.br\/site\/wp-content\/uploads\/2022\/07\/CATALOGO-DE-APRESENTACAO-MAQUINAS-VENDAS-compactado.pdf\"  target=\"_blank\"  title=\"\" class=\"tt_button    button-center  \" ><span class=\"prim_text\">DOWNLOAD<\/span><span class=\" iconita\"><\/span><\/a>[\/vc_column][vc_column width=&#8221;1\/5&#8243;][vc_single_image image=&#8221;9154&#8243; img_size=&#8221;full&#8221; alignment=&#8221;center&#8221; onclick=&#8221;custom_link&#8221; img_link_target=&#8221;_blank&#8221; link=&#8221;https:\/\/asaimplementos.com.br\/site\/wp-content\/uploads\/2024\/05\/CATALOGO-DE-MAQUINAS-2023-2024-Vertical-.pdf&#8221;]<a  href=\"https:\/\/asaimplementos.com.br\/site\/wp-content\/uploads\/2024\/05\/CATALOGO-DE-MAQUINAS-2023-2024-Vertical-.pdf\"  target=\"_blank\"  title=\"\" class=\"tt_button    button-center  \" ><span class=\"prim_text\">DOWNLOAD<\/span><span class=\" iconita\"><\/span><\/a>[\/vc_column][\/vc_row][vc_row el_id=&#8221;download-manuais&#8221; css=&#8221;.vc_custom_1721310920431{background-color: #f7f7f7 !important;}&#8221;][vc_column][vc_column_text][\/vc_column_text][vc_custom_heading text=&#8221;&#8221;][vc_empty_space css=&#8221;.vc_custom_1721310991205{background-color: #f7f7f7 !important;}&#8221;][\/vc_column][\/vc_row][vc_row][vc_column][\/vc_column][vc_column css=&#8221;.vc_custom_1721305800003{background-color: #f7f7f7 !important;}&#8221;]<header class=\"kd-section-title col-lg-12 text-center    \" ><h2 class=\"separator_off\" style=\"color: #1956ba;\">MANUAIS DE INSTRU\u00c7\u00d5ES<\/h2><\/header>[vc_tta_tabs active_section=&#8221;1&#8243; css=&#8221;.vc_custom_1721305868619{background-color: #f7f7f7 !important;}&#8221;][vc_tta_section title=&#8221;Plant. Mandioca&#8221; tab_id=&#8221;1678728271291-5409501c-801c&#8221;]<ul class=\"kd-icon-list\" ><li class=\"kd-icon-list-item\"><div class=\"kd-icon-wrapper icon-simple\" ><i class=\"\" ><\/i><\/div><span class=\"kd-list-text\" style=\"color: #1956ba;\"><a href=\"https:\/\/asaimplementos.com.br\/site\/wp-content\/uploads\/2023\/12\/Vertical-para-PDF.pdf\">PLANTADEIRA 4 LINHAS<\/a><\/p>\n<p><a href=\"https:\/\/asaimplementos.com.br\/site\/wp-content\/uploads\/2023\/12\/Vertical-para-PDF.pdf\">PLANTADEIRA 3 LINHAS<\/a><\/p>\n<p><a href=\"https:\/\/asaimplementos.com.br\/site\/wp-content\/uploads\/2020\/11\/Manual-Plantadeira-2-Linhas-Plataforma.pdf\">PLANTADEIRA 2 LINHAS PLAT. TRASEIRA<\/a><\/p>\n<p><a href=\"https:\/\/asaimplementos.com.br\/site\/wp-content\/uploads\/2023\/12\/Vertical-para-PDF.pdf\">PLANT. 2 LINHAS G5 (PLAT. LATERAL)<\/a><\/p>\n<p><a href=\"https:\/\/asaimplementos.com.br\/site\/wp-content\/uploads\/2023\/12\/Vertical-para-PDF.pdf\">PLANTADEIRA 1L\u00a0<\/a><\/p>\n<p><a href=\"https:\/\/asaimplementos.com.br\/site\/wp-content\/uploads\/2023\/12\/Vertical-para-PDF.pdf\">PLANTADEIRA 1L (TRA\u00c7\u00c3O ANIMAL)<\/a><\/li><\/ul>[\/vc_tta_section][vc_tta_section title=&#8221;Plant. Capim\/Cana&#8221; tab_id=&#8221;1678728271292-f1e43384-696f&#8221;]<ul class=\"kd-icon-list\" ><li class=\"kd-icon-list-item\"><div class=\"kd-icon-wrapper icon-simple\" ><i class=\"\" ><\/i><\/div><span class=\"kd-list-text\" style=\"color: #1956ba;\"><a href=\"https:\/\/asaimplementos.com.br\/site\/wp-content\/uploads\/2022\/05\/Manual-de-Instrucoes-PLANTADEIRA-CANACAPIM-PLAT.-\u2013-MODELO-BNC-75-.-1L.pdf\">PLANTADEIRA DE CAPIM<\/a><\/p>\n<p><a href=\"https:\/\/asaimplementos.com.br\/site\/wp-content\/uploads\/2020\/11\/Plantadeira-Cana-2-Linhas.pdf\">PLANTADEIRA DE CANA<\/a><\/li><\/ul>[\/vc_tta_section][vc_tta_section title=&#8221;Cultivo&#8221; tab_id=&#8221;1678728392965-a81e5c5b-04c1&#8243;]<ul class=\"kd-icon-list\" ><li class=\"kd-icon-list-item\"><div class=\"kd-icon-wrapper icon-simple\" ><i class=\"\" ><\/i><\/div><span class=\"kd-list-text\" style=\"color: #1956ba;\"><a href=\"https:\/\/asaimplementos.com.br\/site\/wp-content\/uploads\/2020\/11\/Manual-de-Instrucoes-do-Aplicador-de-Herbicida-1.pdf\">APLICADORES\u00a0<\/a><\/p>\n<p><a href=\"https:\/\/asaimplementos.com.br\/site\/wp-content\/uploads\/2020\/11\/Manual-de-Instrucoes-do-Cultivador.pdf\">CULTIVADORES<\/a><\/p>\n<p><a href=\"https:\/\/asaimplementos.com.br\/site\/wp-content\/uploads\/2024\/09\/Manual-de-Instrucoes-Aplicador-Frontal.pdf\">KIT APLICADOR FRONTAL<\/a><\/li><\/ul>[\/vc_tta_section][vc_tta_section title=&#8221;Colheita&#8221; tab_id=&#8221;1678728442709-b3fac944-c7e2&#8243;]<ul class=\"kd-icon-list\" ><li class=\"kd-icon-list-item\"><div class=\"kd-icon-wrapper icon-simple\" ><i class=\"\" ><\/i><\/div><span class=\"kd-list-text\" style=\"color: #1956ba;\"><a href=\"https:\/\/asaimplementos.com.br\/site\/wp-content\/uploads\/2020\/11\/Rocadeira-2-Linhas-RDH-2L.pdf\">RO\u00c7ADEIRAS<\/a><\/p>\n<p><a href=\"https:\/\/asaimplementos.com.br\/site\/wp-content\/uploads\/2020\/11\/Manual-de-instrucoes-Subsolador-Afofador-8.80S.pdf\">AFOFADORES\u00a0<\/a><\/p>\n<p><a href=\"https:\/\/asaimplementos.com.br\/site\/wp-content\/uploads\/2020\/11\/Manual-de-Instrucoes-do-Guincho.pdf\">GUINCHOS<\/a><\/li><\/ul>[\/vc_tta_section][\/vc_tta_tabs][vc_empty_space css=&#8221;.vc_custom_1721305881730{background-color: #f7f7f7 !important;}&#8221;][\/vc_column][\/vc_row][vc_row css=&#8221;.vc_custom_1721304884264{background-color: #f2f2f2 !important;}&#8221;][vc_column][vc_empty_space]<header class=\"kd-section-title col-lg-12 text-center    \" ><h2 class=\"separator_off\" style=\"color: #1956ba;\">MANUAL DE OPERA\u00c7\u00c3O<\/h2><\/header>[vc_column_text]<\/p>\n<p style=\"text-align: center;\">Manual de instru\u00e7\u00f5es em v\u00eddeo<\/p>\n<p>[\/vc_column_text][\/vc_column][\/vc_row][vc_row css=&#8221;.vc_custom_1721304896072{background-color: #f2f2f2 !important;}&#8221;][vc_column width=&#8221;1\/2&#8243;][vc_column_text]<\/p>\n<h5 style=\"text-align: center;\">INSTRU\u00c7\u00d5ES DE USO DO AFOFADOR<\/h5>\n<p>[\/vc_column_text][vc_empty_space height=&#8221;12px&#8221;][vc_raw_html]JTNDaWZyYW1lJTIwd2lkdGglM0QlMjI1ODUlMjIlMjBoZWlnaHQlM0QlMjIzMTUlMjIlMjBzcmMlM0QlMjJodHRwcyUzQSUyRiUyRnd3dy55b3V0dWJlLmNvbSUyRmVtYmVkJTJGRTd2bDdTVHVMMW8lM0ZzaSUzREpLeWJtcFhhMnVkWkVHQ2glMjIlMjB0aXRsZSUzRCUyMllvdVR1YmUlMjB2aWRlbyUyMHBsYXllciUyMiUyMGZyYW1lYm9yZGVyJTNEJTIyMCUyMiUyMGFsbG93JTNEJTIyYWNjZWxlcm9tZXRlciUzQiUyMGF1dG9wbGF5JTNCJTIwY2xpcGJvYXJkLXdyaXRlJTNCJTIwZW5jcnlwdGVkLW1lZGlhJTNCJTIwZ3lyb3Njb3BlJTNCJTIwcGljdHVyZS1pbi1waWN0dXJlJTNCJTIwd2ViLXNoYXJlJTIyJTIwcmVmZXJyZXJwb2xpY3klM0QlMjJzdHJpY3Qtb3JpZ2luLXdoZW4tY3Jvc3Mtb3JpZ2luJTIyJTIwYWxsb3dmdWxsc2NyZWVuJTNFJTNDJTJGaWZyYW1lJTNF[\/vc_raw_html][\/vc_column][vc_column width=&#8221;1\/2&#8243;][vc_column_text]<\/p>\n<h5 style=\"text-align: center;\">INSTRU\u00c7\u00d5ES DE MONTAGEM DA RO\u00c7ADEIRA<\/h5>\n<p>[\/vc_column_text][vc_empty_space height=&#8221;12px&#8221;][vc_raw_html]JTNDaWZyYW1lJTIwd2lkdGglM0QlMjI1ODUlMjIlMjBoZWlnaHQlM0QlMjIzMTUlMjIlMjBzcmMlM0QlMjJodHRwcyUzQSUyRiUyRnd3dy55b3V0dWJlLmNvbSUyRmVtYmVkJTJGdEF1ZUc2SVlmQnclM0ZzaSUzRDBtc285bEhBczFRN2JHVnYlMjIlMjB0aXRsZSUzRCUyMllvdVR1YmUlMjB2aWRlbyUyMHBsYXllciUyMiUyMGZyYW1lYm9yZGVyJTNEJTIyMCUyMiUyMGFsbG93JTNEJTIyYWNjZWxlcm9tZXRlciUzQiUyMGF1dG9wbGF5JTNCJTIwY2xpcGJvYXJkLXdyaXRlJTNCJTIwZW5jcnlwdGVkLW1lZGlhJTNCJTIwZ3lyb3Njb3BlJTNCJTIwcGljdHVyZS1pbi1waWN0dXJlJTNCJTIwd2ViLXNoYXJlJTIyJTIwcmVmZXJyZXJwb2xpY3klM0QlMjJzdHJpY3Qtb3JpZ2luLXdoZW4tY3Jvc3Mtb3JpZ2luJTIyJTIwYWxsb3dmdWxsc2NyZWVuJTNFJTNDJTJGaWZyYW1lJTNF[\/vc_raw_html][\/vc_column][\/vc_row][vc_row css=&#8221;.vc_custom_1721304905191{background-color: #f2f2f2 !important;}&#8221;][vc_column][vc_empty_space height=&#8221;50px&#8221;][\/vc_column][\/vc_row][vc_row css=&#8221;.vc_custom_1721304914359{background-color: #f2f2f2 !important;}&#8221;][vc_column width=&#8221;1\/2&#8243;][vc_column_text]<\/p>\n<h5 style=\"text-align: center;\">INSTRU\u00c7\u00d5ES DE USO CULTIVADOR CAH L3<\/h5>\n<p>[\/vc_column_text][vc_empty_space height=&#8221;12px&#8221;][vc_raw_html]JTNDaWZyYW1lJTIwd2lkdGglM0QlMjI1ODUlMjIlMjBoZWlnaHQlM0QlMjIzMTUlMjIlMjBzcmMlM0QlMjJodHRwcyUzQSUyRiUyRnd3dy55b3V0dWJlLmNvbSUyRmVtYmVkJTJGenFiam4xMXZwUDglM0ZzaSUzREdFSmNjSXNLamd1aThKdHIlMjIlMjB0aXRsZSUzRCUyMllvdVR1YmUlMjB2aWRlbyUyMHBsYXllciUyMiUyMGZyYW1lYm9yZGVyJTNEJTIyMCUyMiUyMGFsbG93JTNEJTIyYWNjZWxlcm9tZXRlciUzQiUyMGF1dG9wbGF5JTNCJTIwY2xpcGJvYXJkLXdyaXRlJTNCJTIwZW5jcnlwdGVkLW1lZGlhJTNCJTIwZ3lyb3Njb3BlJTNCJTIwcGljdHVyZS1pbi1waWN0dXJlJTNCJTIwd2ViLXNoYXJlJTIyJTIwcmVmZXJyZXJwb2xpY3klM0QlMjJzdHJpY3Qtb3JpZ2luLXdoZW4tY3Jvc3Mtb3JpZ2luJTIyJTIwYWxsb3dmdWxsc2NyZWVuJTNFJTNDJTJGaWZyYW1lJTNF[\/vc_raw_html][\/vc_column][vc_column width=&#8221;1\/2&#8243;][vc_column_text]<\/p>\n<h5 style=\"text-align: center;\">INSTRU\u00c7\u00d5ES DA PLANTADEIRA DE MANDIOCA<\/h5>\n<p>[\/vc_column_text][vc_empty_space height=&#8221;12px&#8221;][vc_raw_html]JTNDaWZyYW1lJTIwd2lkdGglM0QlMjI1ODUlMjIlMjBoZWlnaHQlM0QlMjIzMTUlMjIlMjBzcmMlM0QlMjJodHRwcyUzQSUyRiUyRnd3dy55b3V0dWJlLmNvbSUyRmVtYmVkJTJGay1CWUJQTVNsRmMlM0ZzaSUzREczUlNPNmQ1VlVzTVEwcVQlMjIlMjB0aXRsZSUzRCUyMllvdVR1YmUlMjB2aWRlbyUyMHBsYXllciUyMiUyMGZyYW1lYm9yZGVyJTNEJTIyMCUyMiUyMGFsbG93JTNEJTIyYWNjZWxlcm9tZXRlciUzQiUyMGF1dG9wbGF5JTNCJTIwY2xpcGJvYXJkLXdyaXRlJTNCJTIwZW5jcnlwdGVkLW1lZGlhJTNCJTIwZ3lyb3Njb3BlJTNCJTIwcGljdHVyZS1pbi1waWN0dXJlJTNCJTIwd2ViLXNoYXJlJTIyJTIwcmVmZXJyZXJwb2xpY3klM0QlMjJzdHJpY3Qtb3JpZ2luLXdoZW4tY3Jvc3Mtb3JpZ2luJTIyJTIwYWxsb3dmdWxsc2NyZWVuJTNFJTNDJTJGaWZyYW1lJTNF[\/vc_raw_html][\/vc_column][\/vc_row][vc_row css=&#8221;.vc_custom_1721304922654{background-color: #f2f2f2 !important;}&#8221;][vc_column][vc_empty_space height=&#8221;50px&#8221;][\/vc_column][\/vc_row][vc_row css=&#8221;.vc_custom_1721304933261{background-color: #f2f2f2 !important;}&#8221;][vc_column width=&#8221;1\/2&#8243;][vc_column_text]<\/p>\n<h5 style=\"text-align: center;\">INSTRU\u00c7\u00d5ES TABELA DE ADUBO<\/h5>\n<p>[\/vc_column_text][vc_empty_space height=&#8221;12px&#8221;][vc_raw_html]JTNDaWZyYW1lJTIwd2lkdGglM0QlMjI1ODUlMjIlMjBoZWlnaHQlM0QlMjIzMTUlMjIlMjBzcmMlM0QlMjJodHRwcyUzQSUyRiUyRnd3dy55b3V0dWJlLmNvbSUyRmVtYmVkJTJGcVVmZ2Nic09UbGslM0ZzaSUzRGF5cXM3VE1QT1pNZVJJR3QlMjIlMjB0aXRsZSUzRCUyMllvdVR1YmUlMjB2aWRlbyUyMHBsYXllciUyMiUyMGZyYW1lYm9yZGVyJTNEJTIyMCUyMiUyMGFsbG93JTNEJTIyYWNjZWxlcm9tZXRlciUzQiUyMGF1dG9wbGF5JTNCJTIwY2xpcGJvYXJkLXdyaXRlJTNCJTIwZW5jcnlwdGVkLW1lZGlhJTNCJTIwZ3lyb3Njb3BlJTNCJTIwcGljdHVyZS1pbi1waWN0dXJlJTNCJTIwd2ViLXNoYXJlJTIyJTIwcmVmZXJyZXJwb2xpY3klM0QlMjJzdHJpY3Qtb3JpZ2luLXdoZW4tY3Jvc3Mtb3JpZ2luJTIyJTIwYWxsb3dmdWxsc2NyZWVuJTNFJTNDJTJGaWZyYW1lJTNF[\/vc_raw_html][\/vc_column][vc_column width=&#8221;1\/2&#8243;][\/vc_column][\/vc_row][vc_row css=&#8221;.vc_custom_1721311318777{background-color: #f2f2f2 !important;}&#8221;][vc_column][vc_empty_space height=&#8221;40px&#8221;][\/vc_column][\/vc_row][vc_row][vc_column][vc_empty_space height=&#8221;40px&#8221;]<header class=\"kd-section-title col-lg-12 text-center    \" ><h2 class=\"separator_off\" style=\"color: #1956ba;\">SE AINDA PRECISAR DE AJUDA, USE OS CONTATOS ABAIXO<\/h2><\/header>[vc_empty_space][\/vc_column][\/vc_row][vc_row][vc_column width=&#8221;1\/3&#8243;]<a  href=\"https:\/\/wa.link\/98yqyh\"  target=\"_blank\"  title=\"\" class=\"tt_button    button-center  \" ><span class=\"prim_text\">VENDAS<\/span><span class=\" iconita\"><\/span><\/a>[\/vc_column][vc_column width=&#8221;1\/3&#8243;]<a  href=\"https:\/\/wa.link\/fe0yne\"  target=\"_blank\"  title=\"\" class=\"tt_button    button-center  \" ><span class=\"prim_text\">SUPORTE<\/span><span class=\" iconita\"><\/span><\/a>[\/vc_column][vc_column width=&#8221;1\/3&#8243;]<a  href=\"https:\/\/wa.link\/n9jl0z\"  target=\"_blank\"  title=\"\" class=\"tt_button    button-center  \" ><span class=\"prim_text\">PE\u00c7AS\/LOJA<\/span><span class=\" iconita\"><\/span><\/a>[\/vc_column][\/vc_row]<\/p>\n<\/div>","protected":false},"excerpt":{"rendered":"<p>[vc_row][vc_column][\/vc_column][\/vc_row][vc_row css=&#8221;.vc_custom_1721305957244{background-color: #f7f7f7 !important;}&#8221;][vc_column][vc_empty_space][\/vc_column][\/vc_row][vc_row css=&#8221;.vc_custom_1721310565090{background-color: #f7f7f7 !important;}&#8221;][vc_column width=&#8221;1\/5&#8243;][vc_single_image image=&#8221;7146&#8243; img_size=&#8221;full&#8221; alignment=&#8221;center&#8221; onclick=&#8221;custom_link&#8221; img_link_target=&#8221;_blank&#8221; link=&#8221;https:\/\/asaimplementos.com.br\/site\/wp-content\/uploads\/2021\/01\/Catalogo-de-Maquinas-2013.pdf&#8221;][\/vc_column][vc_column width=&#8221;1\/5&#8243;][vc_single_image image=&#8221;7150&#8243; img_size=&#8221;full&#8221; alignment=&#8221;center&#8221; onclick=&#8221;custom_link&#8221; img_link_target=&#8221;_blank&#8221; link=&#8221;https:\/\/asaimplementos.com.br\/site\/wp-content\/uploads\/2021\/01\/Catalogo-de-Maquinas-FIMAN-2018.pdf&#8221;][\/vc_column][vc_column width=&#8221;1\/5&#8243;][vc_single_image image=&#8221;7154&#8243; img_size=&#8221;full&#8221; alignment=&#8221;center&#8221; onclick=&#8221;custom_link&#8221; img_link_target=&#8221;_blank&#8221; [&hellip;]<\/p>\n","protected":false},"author":1,"featured_media":0,"parent":0,"menu_order":0,"comment_status":"closed","ping_status":"closed","template":"","meta":{"_acf_changed":false,"footnotes":""},"class_list":["post-7094","page","type-page","status-publish","hentry"],"acf":[],"aioseo_notices":[],"_links":{"self":[{"href":"https:\/\/asaimplementos.com.br\/site\/wp-json\/wp\/v2\/pages\/7094","targetHints":{"allow":["GET"]}}],"collection":[{"href":"https:\/\/asaimplementos.com.br\/site\/wp-json\/wp\/v2\/pages"}],"about":[{"href":"https:\/\/asaimplementos.com.br\/site\/wp-json\/wp\/v2\/types\/page"}],"author":[{"embeddable":true,"href":"https:\/\/asaimplementos.com.br\/site\/wp-json\/wp\/v2\/users\/1"}],"replies":[{"embeddable":true,"href":"https:\/\/asaimplementos.com.br\/site\/wp-json\/wp\/v2\/comments?post=7094"}],"version-history":[{"count":157,"href":"https:\/\/asaimplementos.com.br\/site\/wp-json\/wp\/v2\/pages\/7094\/revisions"}],"predecessor-version":[{"id":9353,"href":"https:\/\/asaimplementos.com.br\/site\/wp-json\/wp\/v2\/pages\/7094\/revisions\/9353"}],"wp:attachment":[{"href":"https:\/\/asaimplementos.com.br\/site\/wp-json\/wp\/v2\/media?parent=7094"}],"curies":[{"name":"wp","href":"https:\/\/api.w.org\/{rel}","templated":true}]}}