{"id":6178,"date":"2018-01-22T10:29:50","date_gmt":"2018-01-22T10:29:50","guid":{"rendered":"https:\/\/keydesign-themes.com\/leadengine\/?page_id=6178"},"modified":"2024-05-24T13:28:02","modified_gmt":"2024-05-24T16:28:02","slug":"empresa","status":"publish","type":"page","link":"https:\/\/asaimplementos.com.br\/site\/empresa\/","title":{"rendered":"Empresa"},"content":{"rendered":"<div class=\"wpb-content-wrapper\"><p>[vc_row css=&#8221;.vc_custom_1716396314527{padding-top: 200px !important;padding-bottom: 250px !important;background-image: url(https:\/\/asaimplementos.com.br\/site\/wp-content\/uploads\/2022\/02\/foto-empresa.jpg?id=7632) !important;}&#8221;][vc_column css=&#8221;.vc_custom_1513003956648{padding-top: 0px !important;}&#8221;][vc_row_inner][vc_column_inner width=&#8221;1\/4&#8243; css=&#8221;.vc_custom_1513004658055{padding-top: 50px !important;padding-left: 0px !important;}&#8221;][\/vc_column_inner][vc_column_inner width=&#8221;6\/12&#8243; css=&#8221;.vc_custom_1513008591637{padding-right: 0px !important;padding-left: 0px !important;}&#8221;][vc_custom_heading text=&#8221;QUANDO COME\u00c7AMOS&#8221; font_container=&#8221;tag:h1|font_size:26px|text_align:center|color:%23ffffff&#8221; use_theme_fonts=&#8221;yes&#8221; css_animation=&#8221;fadeInDownBig&#8221;][\/vc_column_inner][vc_column_inner width=&#8221;1\/4&#8243;][\/vc_column_inner][\/vc_row_inner][\/vc_column][\/vc_row][vc_row full_width=&#8221;stretch_row&#8221; parallax=&#8221;content-moving&#8221; css=&#8221;.vc_custom_1603571472719{padding-top: 100px !important;padding-bottom: 100px !important;}&#8221;][vc_column][vc_row_inner][vc_column_inner width=&#8221;1\/4&#8243;][vc_empty_space height=&#8221;50px&#8221;]<header class=\"kd-section-title col-lg-12 text-left    \" ><h3 class=\"separator_off\" style=\"color: #1956ba;\">1994<\/h3><\/header>[\/vc_column_inner][vc_column_inner width=&#8221;3\/4&#8243;][vc_custom_heading text=&#8221;1994 foi quando tudo come\u00e7ou, ha 30 anos atr\u00e1s a regi\u00e3o noroeste paranaense estava produzindo muita mandioca e devido a esse aumento de produ\u00e7\u00e3o o fundador da ASA Implementos com sua ampla experi\u00eancia come\u00e7ou a resolver os problemas dos produtores da mandioca com a produ\u00e7\u00e3o de implementos e m\u00e1quinas agr\u00edcolas para o setor.<\/p>\n<p>Hoje temos 30 anos no mercado agr\u00edcola desenvolvendo solu\u00e7\u00f5es em implementos e m\u00e1quinas agr\u00edcolas nos setores de mandiocultura e cana.<br \/>\nSomos refer\u00eancia em tecnologias robustas e dur\u00e1veis, na parceria com os produtores estamos sempre desenvolvendo novas tecnologias e solu\u00e7\u00f5es personalizadas com responsabilidade social, ambiental e profissional.&#8221; font_container=&#8221;tag:h6|font_size:16px|text_align:justify&#8221; use_theme_fonts=&#8221;yes&#8221;][\/vc_column_inner][\/vc_row_inner][\/vc_column][\/vc_row][vc_row full_width=&#8221;stretch_row&#8221; parallax=&#8221;content-moving&#8221; css=&#8221;.vc_custom_1603571472719{padding-top: 100px !important;padding-bottom: 100px !important;}&#8221;][vc_column][vc_empty_space]<header class=\"kd-section-title col-lg-12 text-left solid-line sep-border-width-2    \" ><h3 class=\"separator_on\" style=\"color: #1956ba;\">Conhe\u00e7a nossa Vis\u00e3o, Miss\u00e3o e Valores<\/h3><div class=\"kd-separator below_title\" ><div class=\"kd-separator-line\" ><\/div><\/div><\/header>[vc_custom_heading text=&#8221;Atuando h\u00e1 30 anos no setor agr\u00edcola, a ASA Implementos cresce juntamente com os seus parceiros do campo que acreditam no desenvolvimento sustent\u00e1vel da cadeia produtiva. Sentindo-se parte deste processo, a ASA Implementos trabalha com base em tr\u00eas pilares, conhe\u00e7a.&#8221; font_container=&#8221;tag:h6|font_size:16px|text_align:justify&#8221; use_theme_fonts=&#8221;yes&#8221;]<header class=\"kd-section-title col-lg-12 text-left solid-line sep-border-width-2    \" ><h3 class=\"separator_on\" style=\"color: #1956ba;\">Vis\u00e3o e Pol\u00edtica de Qualidade<\/h3><div class=\"kd-separator below_title\" ><div class=\"kd-separator-line\" ><\/div><\/div><\/header>[vc_custom_heading text=&#8221;Nossa Vis\u00e3o \u00e9 ser l\u00edder regional em vendas de produtos no mercado onde atuamos. Nossa pol\u00edtica de qualidade \u00e9 assegurar que a qualidade, inova\u00e7\u00e3o e melhoria cont\u00ednua sejam responsabilidade de todos, garantindo a satisfa\u00e7\u00e3o de nossos clientes.&#8221; font_container=&#8221;tag:h6|font_size:16px|text_align:justify&#8221; use_theme_fonts=&#8221;yes&#8221;]<header class=\"kd-section-title col-lg-12 text-left solid-line sep-border-width-2    \" ><h3 class=\"separator_on\" style=\"color: #1956ba;\">Nossa Miss\u00e3o<\/h3><div class=\"kd-separator below_title\" ><div class=\"kd-separator-line\" ><\/div><\/div><\/header>[vc_custom_heading text=&#8221;Satisfazer com atendimento personalizado, agregando servi\u00e7os que atendam as necessidades dos nossos clientes, oferecendo de forma \u00e9tica, parceira e s\u00f3lida, os melhores produtos do ramo.&#8221; font_container=&#8221;tag:h6|font_size:16px|text_align:justify&#8221; use_theme_fonts=&#8221;yes&#8221;]<header class=\"kd-section-title col-lg-12 text-left solid-line sep-border-width-2    \" ><h3 class=\"separator_on\" style=\"color: #1956ba;\">Nossos Valores<\/h3><div class=\"kd-separator below_title\" ><div class=\"kd-separator-line\" ><\/div><\/div><\/header>[vc_custom_heading text=&#8221;Na ess\u00eancia dos nossos valores est\u00e3o a \u00e9tica, a honestidade, o profissionalismo, o comprometimento com a inova\u00e7\u00e3o e o nosso comprometimento com os nossos clientes e colaboradores.&#8221; font_container=&#8221;tag:h6|font_size:16px|text_align:justify&#8221; use_theme_fonts=&#8221;yes&#8221;][\/vc_column][\/vc_row][vc_row full_width=&#8221;stretch_row_content_no_spaces&#8221; css=&#8221;.vc_custom_1511789167686{background-color: #f7f9fb !important;}&#8221;][vc_column offset=&#8221;vc_col-lg-offset-0 vc_col-lg-8 vc_col-md-offset-1 vc_col-md-10 vc_col-sm-offset-2&#8243;][vc_row_inner css=&#8221;.vc_custom_1515090159343{padding-bottom: 40px !important;}&#8221;][vc_column_inner][\/vc_column_inner][\/vc_row_inner][\/vc_column][\/vc_row]<\/p>\n<\/div>","protected":false},"excerpt":{"rendered":"<p>[vc_row css=&#8221;.vc_custom_1716396314527{padding-top: 200px !important;padding-bottom: 250px !important;background-image: url(https:\/\/asaimplementos.com.br\/site\/wp-content\/uploads\/2022\/02\/foto-empresa.jpg?id=7632) !important;}&#8221;][vc_column css=&#8221;.vc_custom_1513003956648{padding-top: 0px !important;}&#8221;][vc_row_inner][vc_column_inner width=&#8221;1\/4&#8243; css=&#8221;.vc_custom_1513004658055{padding-top: 50px !important;padding-left: 0px !important;}&#8221;][\/vc_column_inner][vc_column_inner width=&#8221;6\/12&#8243; css=&#8221;.vc_custom_1513008591637{padding-right: 0px !important;padding-left: 0px !important;}&#8221;][vc_custom_heading text=&#8221;QUANDO COME\u00c7AMOS&#8221; font_container=&#8221;tag:h1|font_size:26px|text_align:center|color:%23ffffff&#8221; use_theme_fonts=&#8221;yes&#8221; [&hellip;]<\/p>\n","protected":false},"author":1,"featured_media":0,"parent":0,"menu_order":0,"comment_status":"closed","ping_status":"closed","template":"","meta":{"_acf_changed":false,"footnotes":""},"class_list":["post-6178","page","type-page","status-publish","hentry"],"acf":[],"aioseo_notices":[],"_links":{"self":[{"href":"https:\/\/asaimplementos.com.br\/site\/wp-json\/wp\/v2\/pages\/6178","targetHints":{"allow":["GET"]}}],"collection":[{"href":"https:\/\/asaimplementos.com.br\/site\/wp-json\/wp\/v2\/pages"}],"about":[{"href":"https:\/\/asaimplementos.com.br\/site\/wp-json\/wp\/v2\/types\/page"}],"author":[{"embeddable":true,"href":"https:\/\/asaimplementos.com.br\/site\/wp-json\/wp\/v2\/users\/1"}],"replies":[{"embeddable":true,"href":"https:\/\/asaimplementos.com.br\/site\/wp-json\/wp\/v2\/comments?post=6178"}],"version-history":[{"count":40,"href":"https:\/\/asaimplementos.com.br\/site\/wp-json\/wp\/v2\/pages\/6178\/revisions"}],"predecessor-version":[{"id":9138,"href":"https:\/\/asaimplementos.com.br\/site\/wp-json\/wp\/v2\/pages\/6178\/revisions\/9138"}],"wp:attachment":[{"href":"https:\/\/asaimplementos.com.br\/site\/wp-json\/wp\/v2\/media?parent=6178"}],"curies":[{"name":"wp","href":"https:\/\/api.w.org\/{rel}","templated":true}]}}